{"id":365,"date":"2024-10-22T18:44:09","date_gmt":"2024-10-22T18:44:09","guid":{"rendered":"https:\/\/webmg.com.br\/editora\/carrinho\/"},"modified":"2024-10-22T18:41:30","modified_gmt":"2024-10-22T21:41:30","slug":"carrinho","status":"publish","type":"page","link":"https:\/\/webmg.com.br\/editora\/carrinho\/","title":{"rendered":"Carrinho"},"content":{"rendered":"<div data-block-name=\"woocommerce\/cart\" class=\"wp-block-woocommerce-cart alignwide is-loading\"><div data-block-name=\"woocommerce\/filled-cart-block\" class=\"wp-block-woocommerce-filled-cart-block\"><div data-block-name=\"woocommerce\/cart-items-block\" class=\"wp-block-woocommerce-cart-items-block\"><div data-block-name=\"woocommerce\/cart-line-items-block\" class=\"wp-block-woocommerce-cart-line-items-block\"><\/div>\n\n<div data-block-name=\"woocommerce\/cart-cross-sells-block\" class=\"wp-block-woocommerce-cart-cross-sells-block\"><h2 class=\"wp-block-heading has-large-font-size\">You may be interested in\u2026<\/h2>\n\n<div data-block-name=\"woocommerce\/cart-cross-sells-products-block\" class=\"wp-block-woocommerce-cart-cross-sells-products-block\"><\/div><\/div><\/div>\n\n<div data-block-name=\"woocommerce\/cart-totals-block\" class=\"wp-block-woocommerce-cart-totals-block\"><div data-block-name=\"woocommerce\/cart-order-summary-block\" class=\"wp-block-woocommerce-cart-order-summary-block\"><div data-block-name=\"woocommerce\/cart-order-summary-heading-block\" class=\"wp-block-woocommerce-cart-order-summary-heading-block\"><\/div><div data-block-name=\"woocommerce\/cart-order-summary-coupon-form-block\" class=\"wp-block-woocommerce-cart-order-summary-coupon-form-block\"><\/div><div data-block-name=\"woocommerce\/cart-order-summary-totals-block\" class=\"wp-block-woocommerce-cart-order-summary-totals-block\">\n<div data-block-name=\"woocommerce\/cart-order-summary-subtotal-block\" class=\"wp-block-woocommerce-cart-order-summary-subtotal-block\"><\/div>\n<div data-block-name=\"woocommerce\/cart-order-summary-discount-block\" class=\"wp-block-woocommerce-cart-order-summary-discount-block\"><\/div>\n<div data-block-name=\"woocommerce\/cart-order-summary-fee-block\" class=\"wp-block-woocommerce-cart-order-summary-fee-block\"><\/div>\n<div data-block-name=\"woocommerce\/cart-order-summary-shipping-block\" class=\"wp-block-woocommerce-cart-order-summary-shipping-block\"><\/div>\n<div data-block-name=\"woocommerce\/cart-order-summary-taxes-block\" class=\"wp-block-woocommerce-cart-order-summary-taxes-block\"><\/div><\/div><\/div>\n\n<div data-block-name=\"woocommerce\/cart-express-payment-block\" class=\"wp-block-woocommerce-cart-express-payment-block\"><\/div>\n\n<div data-block-name=\"woocommerce\/proceed-to-checkout-block\" class=\"wp-block-woocommerce-proceed-to-checkout-block\"><\/div>\n\n<div data-block-name=\"woocommerce\/cart-accepted-payment-methods-block\" class=\"wp-block-woocommerce-cart-accepted-payment-methods-block\"><\/div><\/div><\/div>\n\n<div data-block-name=\"woocommerce\/empty-cart-block\" class=\"wp-block-woocommerce-empty-cart-block\"><h2 class=\"wp-block-heading has-text-align-center with-empty-cart-icon wc-block-cart__empty-cart__title\">Seu carrinho est\u00e1 vazio no momento!<\/h2>\n\n<hr class=\"wp-block-separator has-alpha-channel-opacity is-style-dots\"\/>\n\n<h2 class=\"wp-block-heading has-text-align-center\">Novo na loja<\/h2>\n\n<div data-block-name=\"woocommerce\/product-new\" data-columns=\"4\" data-rows=\"1\" class=\"wc-block-grid wp-block-product-new wc-block-product-new has-4-columns\"><ul class=\"wc-block-grid__products\"><li class=\"wc-block-grid__product add-to-wishlist-after_add_to_cart\"><a href=\"https:\/\/webmg.com.br\/editora\/produto\/laravel\/\" class=\"wc-block-grid__product-link\">\n\t\t\t\t\t<div class=\"wc-block-grid__product-onsale\">\n\t\t\t<span aria-hidden=\"true\">Oferta<\/span>\n\t\t\t<span class=\"screen-reader-text\">Produto em promo\u00e7\u00e3o<\/span>\n\t\t<\/div>\n\t\t\t\t\t<div class=\"wc-block-grid__product-image\"><img fetchpriority=\"high\" decoding=\"async\" width=\"300\" height=\"480\" src=\"https:\/\/webmg.com.br\/editora\/wp-content\/uploads\/2024\/11\/Laravel-1-300x480.png\" class=\"attachment-woocommerce_thumbnail size-woocommerce_thumbnail\" alt=\"Laravel\" srcset=\"https:\/\/webmg.com.br\/editora\/wp-content\/uploads\/2024\/11\/Laravel-1-300x480.png 300w, https:\/\/webmg.com.br\/editora\/wp-content\/uploads\/2024\/11\/Laravel-1-188x300.png 188w, https:\/\/webmg.com.br\/editora\/wp-content\/uploads\/2024\/11\/Laravel-1-640x1024.png 640w, https:\/\/webmg.com.br\/editora\/wp-content\/uploads\/2024\/11\/Laravel-1-768x1229.png 768w, https:\/\/webmg.com.br\/editora\/wp-content\/uploads\/2024\/11\/Laravel-1-960x1536.png 960w, https:\/\/webmg.com.br\/editora\/wp-content\/uploads\/2024\/11\/Laravel-1-600x960.png 600w, https:\/\/webmg.com.br\/editora\/wp-content\/uploads\/2024\/11\/Laravel-1.png 1250w\" sizes=\"(max-width: 300px) 100vw, 300px\" \/><\/div>\n\t\t\t\t\t<div class=\"wc-block-grid__product-title\">Laravel<\/div>\n\t\t\t\t<\/a>\n\t\t\t\t<div class=\"wc-block-grid__product-price price\"><del aria-hidden=\"true\"><span class=\"woocommerce-Price-amount amount\"><span class=\"woocommerce-Price-currencySymbol\">&#082;&#036;<\/span>&nbsp;34,99<\/span><\/del> <span class=\"screen-reader-text\">Original price was: &#082;&#036;&nbsp;34,99.<\/span><ins aria-hidden=\"true\"><span class=\"woocommerce-Price-amount amount\"><span class=\"woocommerce-Price-currencySymbol\">&#082;&#036;<\/span>&nbsp;14,99<\/span><\/ins><span class=\"screen-reader-text\">Current price is: &#082;&#036;&nbsp;14,99.<\/span><\/div>\n\t\t\t\t\n\t\t\t\t<div class=\"wp-block-button wc-block-grid__product-add-to-cart\"><a href=\"?add-to-cart=706\" aria-label=\"Add to cart: &ldquo;Laravel&rdquo;\" data-quantity=\"1\" data-product_id=\"706\" data-product_sku=\"\" data-price=\"14.99\" rel=\"nofollow\" class=\"wp-block-button__link  add_to_cart_button ajax_add_to_cart\">Comprar<\/a><\/div>\n\t\t\t\n<div\n\tclass=\"yith-wcwl-add-to-wishlist add-to-wishlist-706  wishlist-fragment on-first-load\"\n\tdata-fragment-ref=\"706\"\n\tdata-fragment-options=\"{&quot;base_url&quot;:&quot;&quot;,&quot;in_default_wishlist&quot;:false,&quot;is_single&quot;:false,&quot;show_exists&quot;:false,&quot;product_id&quot;:&quot;706&quot;,&quot;parent_product_id&quot;:706,&quot;product_type&quot;:&quot;simple&quot;,&quot;show_view&quot;:false,&quot;browse_wishlist_text&quot;:&quot;Ver lista de desejos!&quot;,&quot;already_in_wishslist_text&quot;:&quot;Esse produto j\\u00e1 se encontra na sua lista de desejos!&quot;,&quot;product_added_text&quot;:&quot;Produto adicionado!&quot;,&quot;heading_icon&quot;:&quot;fa-heart-o&quot;,&quot;available_multi_wishlist&quot;:false,&quot;disable_wishlist&quot;:false,&quot;show_count&quot;:false,&quot;ajax_loading&quot;:false,&quot;loop_position&quot;:&quot;after_add_to_cart&quot;,&quot;item&quot;:&quot;add_to_wishlist&quot;}\"\n>\n\t\t\t\n\t\t\t<!-- ADD TO WISHLIST -->\n\t\t\t\n<div class=\"yith-wcwl-add-button\">\n\t\t<a\n\t\thref=\"?add_to_wishlist=706&#038;_wpnonce=b15cfd1055\"\n\t\tclass=\"add_to_wishlist single_add_to_wishlist\"\n\t\tdata-product-id=\"706\"\n\t\tdata-product-type=\"simple\"\n\t\tdata-original-product-id=\"706\"\n\t\tdata-title=\"Adicionar \u00e0 lista de desejos\"\n\t\trel=\"nofollow\"\n\t>\n\t\t<i class=\"yith-wcwl-icon fa fa-heart-o\"><\/i>\t\t<span>Adicionar \u00e0 lista de desejos<\/span>\n\t<\/a>\n<\/div>\n\n\t\t\t<!-- COUNT TEXT -->\n\t\t\t\n\t\t\t<\/div>\n<\/li><li class=\"wc-block-grid__product add-to-wishlist-after_add_to_cart\"><a href=\"https:\/\/webmg.com.br\/editora\/produto\/desvendando-os-segredos-da-logica-de-programacao\/\" class=\"wc-block-grid__product-link\">\n\t\t\t\t\t<div class=\"wc-block-grid__product-onsale\">\n\t\t\t<span aria-hidden=\"true\">Oferta<\/span>\n\t\t\t<span class=\"screen-reader-text\">Produto em promo\u00e7\u00e3o<\/span>\n\t\t<\/div>\n\t\t\t\t\t<div class=\"wc-block-grid__product-image\"><img decoding=\"async\" width=\"300\" height=\"480\" src=\"https:\/\/webmg.com.br\/editora\/wp-content\/uploads\/2024\/11\/Desvendando-os-Segredos-da-Logica-de-Programacao-1-300x480.png\" class=\"attachment-woocommerce_thumbnail size-woocommerce_thumbnail\" alt=\"L\u00f3gica de Programa\u00e7\u00e3o\" srcset=\"https:\/\/webmg.com.br\/editora\/wp-content\/uploads\/2024\/11\/Desvendando-os-Segredos-da-Logica-de-Programacao-1-300x480.png 300w, https:\/\/webmg.com.br\/editora\/wp-content\/uploads\/2024\/11\/Desvendando-os-Segredos-da-Logica-de-Programacao-1-188x300.png 188w, https:\/\/webmg.com.br\/editora\/wp-content\/uploads\/2024\/11\/Desvendando-os-Segredos-da-Logica-de-Programacao-1-640x1024.png 640w, https:\/\/webmg.com.br\/editora\/wp-content\/uploads\/2024\/11\/Desvendando-os-Segredos-da-Logica-de-Programacao-1-768x1229.png 768w, https:\/\/webmg.com.br\/editora\/wp-content\/uploads\/2024\/11\/Desvendando-os-Segredos-da-Logica-de-Programacao-1-960x1536.png 960w, https:\/\/webmg.com.br\/editora\/wp-content\/uploads\/2024\/11\/Desvendando-os-Segredos-da-Logica-de-Programacao-1-600x960.png 600w, https:\/\/webmg.com.br\/editora\/wp-content\/uploads\/2024\/11\/Desvendando-os-Segredos-da-Logica-de-Programacao-1.png 1250w\" sizes=\"(max-width: 300px) 100vw, 300px\" \/><\/div>\n\t\t\t\t\t<div class=\"wc-block-grid__product-title\">L\u00f3gica de Programa\u00e7\u00e3o<\/div>\n\t\t\t\t<\/a>\n\t\t\t\t<div class=\"wc-block-grid__product-price price\"><del aria-hidden=\"true\"><span class=\"woocommerce-Price-amount amount\"><span class=\"woocommerce-Price-currencySymbol\">&#082;&#036;<\/span>&nbsp;24,99<\/span><\/del> <span class=\"screen-reader-text\">Original price was: &#082;&#036;&nbsp;24,99.<\/span><ins aria-hidden=\"true\"><span class=\"woocommerce-Price-amount amount\"><span class=\"woocommerce-Price-currencySymbol\">&#082;&#036;<\/span>&nbsp;14,99<\/span><\/ins><span class=\"screen-reader-text\">Current price is: &#082;&#036;&nbsp;14,99.<\/span><\/div>\n\t\t\t\t\n\t\t\t\t<div class=\"wp-block-button wc-block-grid__product-add-to-cart\"><a href=\"?add-to-cart=680\" aria-label=\"Add to cart: &ldquo;L\u00f3gica de Programa\u00e7\u00e3o&rdquo;\" data-quantity=\"1\" data-product_id=\"680\" data-product_sku=\"\" data-price=\"14.99\" rel=\"nofollow\" class=\"wp-block-button__link  add_to_cart_button ajax_add_to_cart\">Comprar<\/a><\/div>\n\t\t\t\n<div\n\tclass=\"yith-wcwl-add-to-wishlist add-to-wishlist-680  wishlist-fragment on-first-load\"\n\tdata-fragment-ref=\"680\"\n\tdata-fragment-options=\"{&quot;base_url&quot;:&quot;&quot;,&quot;in_default_wishlist&quot;:false,&quot;is_single&quot;:false,&quot;show_exists&quot;:false,&quot;product_id&quot;:&quot;680&quot;,&quot;parent_product_id&quot;:680,&quot;product_type&quot;:&quot;simple&quot;,&quot;show_view&quot;:false,&quot;browse_wishlist_text&quot;:&quot;Ver lista de desejos!&quot;,&quot;already_in_wishslist_text&quot;:&quot;Esse produto j\\u00e1 se encontra na sua lista de desejos!&quot;,&quot;product_added_text&quot;:&quot;Produto adicionado!&quot;,&quot;heading_icon&quot;:&quot;fa-heart-o&quot;,&quot;available_multi_wishlist&quot;:false,&quot;disable_wishlist&quot;:false,&quot;show_count&quot;:false,&quot;ajax_loading&quot;:false,&quot;loop_position&quot;:&quot;after_add_to_cart&quot;,&quot;item&quot;:&quot;add_to_wishlist&quot;}\"\n>\n\t\t\t\n\t\t\t<!-- ADD TO WISHLIST -->\n\t\t\t\n<div class=\"yith-wcwl-add-button\">\n\t\t<a\n\t\thref=\"?add_to_wishlist=680&#038;_wpnonce=b15cfd1055\"\n\t\tclass=\"add_to_wishlist single_add_to_wishlist\"\n\t\tdata-product-id=\"680\"\n\t\tdata-product-type=\"simple\"\n\t\tdata-original-product-id=\"680\"\n\t\tdata-title=\"Adicionar \u00e0 lista de desejos\"\n\t\trel=\"nofollow\"\n\t>\n\t\t<i class=\"yith-wcwl-icon fa fa-heart-o\"><\/i>\t\t<span>Adicionar \u00e0 lista de desejos<\/span>\n\t<\/a>\n<\/div>\n\n\t\t\t<!-- COUNT TEXT -->\n\t\t\t\n\t\t\t<\/div>\n<\/li><li class=\"wc-block-grid__product add-to-wishlist-after_add_to_cart\"><a href=\"https:\/\/webmg.com.br\/editora\/produto\/python-aprenda-de-forma-rapida-e-facil-a-linguagem-do-futuro\/\" class=\"wc-block-grid__product-link\">\n\t\t\t\t\t<div class=\"wc-block-grid__product-onsale\">\n\t\t\t<span aria-hidden=\"true\">Oferta<\/span>\n\t\t\t<span class=\"screen-reader-text\">Produto em promo\u00e7\u00e3o<\/span>\n\t\t<\/div>\n\t\t\t\t\t<div class=\"wc-block-grid__product-image\"><img decoding=\"async\" width=\"300\" height=\"480\" src=\"https:\/\/webmg.com.br\/editora\/wp-content\/uploads\/2024\/11\/Python-1-300x480.png\" class=\"attachment-woocommerce_thumbnail size-woocommerce_thumbnail\" alt=\"Python\" srcset=\"https:\/\/webmg.com.br\/editora\/wp-content\/uploads\/2024\/11\/Python-1-300x480.png 300w, https:\/\/webmg.com.br\/editora\/wp-content\/uploads\/2024\/11\/Python-1-188x300.png 188w, https:\/\/webmg.com.br\/editora\/wp-content\/uploads\/2024\/11\/Python-1-640x1024.png 640w, https:\/\/webmg.com.br\/editora\/wp-content\/uploads\/2024\/11\/Python-1-768x1229.png 768w, https:\/\/webmg.com.br\/editora\/wp-content\/uploads\/2024\/11\/Python-1-960x1536.png 960w, https:\/\/webmg.com.br\/editora\/wp-content\/uploads\/2024\/11\/Python-1-600x960.png 600w, https:\/\/webmg.com.br\/editora\/wp-content\/uploads\/2024\/11\/Python-1.png 1250w\" sizes=\"(max-width: 300px) 100vw, 300px\" \/><\/div>\n\t\t\t\t\t<div class=\"wc-block-grid__product-title\">Python<\/div>\n\t\t\t\t<\/a>\n\t\t\t\t<div class=\"wc-block-grid__product-price price\"><del aria-hidden=\"true\"><span class=\"woocommerce-Price-amount amount\"><span class=\"woocommerce-Price-currencySymbol\">&#082;&#036;<\/span>&nbsp;29,99<\/span><\/del> <span class=\"screen-reader-text\">Original price was: &#082;&#036;&nbsp;29,99.<\/span><ins aria-hidden=\"true\"><span class=\"woocommerce-Price-amount amount\"><span class=\"woocommerce-Price-currencySymbol\">&#082;&#036;<\/span>&nbsp;14,99<\/span><\/ins><span class=\"screen-reader-text\">Current price is: &#082;&#036;&nbsp;14,99.<\/span><\/div>\n\t\t\t\t\n\t\t\t\t<div class=\"wp-block-button wc-block-grid__product-add-to-cart\"><a href=\"?add-to-cart=573\" aria-label=\"Add to cart: &ldquo;Python&rdquo;\" data-quantity=\"1\" data-product_id=\"573\" data-product_sku=\"\" data-price=\"14.99\" rel=\"nofollow\" class=\"wp-block-button__link  add_to_cart_button ajax_add_to_cart\">Comprar<\/a><\/div>\n\t\t\t\n<div\n\tclass=\"yith-wcwl-add-to-wishlist add-to-wishlist-573  wishlist-fragment on-first-load\"\n\tdata-fragment-ref=\"573\"\n\tdata-fragment-options=\"{&quot;base_url&quot;:&quot;&quot;,&quot;in_default_wishlist&quot;:false,&quot;is_single&quot;:false,&quot;show_exists&quot;:false,&quot;product_id&quot;:&quot;573&quot;,&quot;parent_product_id&quot;:573,&quot;product_type&quot;:&quot;simple&quot;,&quot;show_view&quot;:false,&quot;browse_wishlist_text&quot;:&quot;Ver lista de desejos!&quot;,&quot;already_in_wishslist_text&quot;:&quot;Esse produto j\\u00e1 se encontra na sua lista de desejos!&quot;,&quot;product_added_text&quot;:&quot;Produto adicionado!&quot;,&quot;heading_icon&quot;:&quot;fa-heart-o&quot;,&quot;available_multi_wishlist&quot;:false,&quot;disable_wishlist&quot;:false,&quot;show_count&quot;:false,&quot;ajax_loading&quot;:false,&quot;loop_position&quot;:&quot;after_add_to_cart&quot;,&quot;item&quot;:&quot;add_to_wishlist&quot;}\"\n>\n\t\t\t\n\t\t\t<!-- ADD TO WISHLIST -->\n\t\t\t\n<div class=\"yith-wcwl-add-button\">\n\t\t<a\n\t\thref=\"?add_to_wishlist=573&#038;_wpnonce=b15cfd1055\"\n\t\tclass=\"add_to_wishlist single_add_to_wishlist\"\n\t\tdata-product-id=\"573\"\n\t\tdata-product-type=\"simple\"\n\t\tdata-original-product-id=\"573\"\n\t\tdata-title=\"Adicionar \u00e0 lista de desejos\"\n\t\trel=\"nofollow\"\n\t>\n\t\t<i class=\"yith-wcwl-icon fa fa-heart-o\"><\/i>\t\t<span>Adicionar \u00e0 lista de desejos<\/span>\n\t<\/a>\n<\/div>\n\n\t\t\t<!-- COUNT TEXT -->\n\t\t\t\n\t\t\t<\/div>\n<\/li><li class=\"wc-block-grid__product add-to-wishlist-after_add_to_cart\"><a href=\"https:\/\/webmg.com.br\/editora\/produto\/php-sem-misterios-2022\/\" class=\"wc-block-grid__product-link\">\n\t\t\t\t\t<div class=\"wc-block-grid__product-onsale\">\n\t\t\t<span aria-hidden=\"true\">Oferta<\/span>\n\t\t\t<span class=\"screen-reader-text\">Produto em promo\u00e7\u00e3o<\/span>\n\t\t<\/div>\n\t\t\t\t\t<div class=\"wc-block-grid__product-image\"><img loading=\"lazy\" decoding=\"async\" width=\"300\" height=\"480\" src=\"https:\/\/webmg.com.br\/editora\/wp-content\/uploads\/2024\/10\/PHP-Sem-Misterios-1-300x480.png\" class=\"attachment-woocommerce_thumbnail size-woocommerce_thumbnail\" alt=\"PHP Sem Mist\u00e9rios\" srcset=\"https:\/\/webmg.com.br\/editora\/wp-content\/uploads\/2024\/10\/PHP-Sem-Misterios-1-300x480.png 300w, https:\/\/webmg.com.br\/editora\/wp-content\/uploads\/2024\/10\/PHP-Sem-Misterios-1-188x300.png 188w, https:\/\/webmg.com.br\/editora\/wp-content\/uploads\/2024\/10\/PHP-Sem-Misterios-1-640x1024.png 640w, https:\/\/webmg.com.br\/editora\/wp-content\/uploads\/2024\/10\/PHP-Sem-Misterios-1-768x1229.png 768w, https:\/\/webmg.com.br\/editora\/wp-content\/uploads\/2024\/10\/PHP-Sem-Misterios-1-960x1536.png 960w, https:\/\/webmg.com.br\/editora\/wp-content\/uploads\/2024\/10\/PHP-Sem-Misterios-1-600x960.png 600w, https:\/\/webmg.com.br\/editora\/wp-content\/uploads\/2024\/10\/PHP-Sem-Misterios-1.png 1250w\" sizes=\"(max-width: 300px) 100vw, 300px\" \/><\/div>\n\t\t\t\t\t<div class=\"wc-block-grid__product-title\">PHP Sem Mist\u00e9rios<\/div>\n\t\t\t\t<\/a>\n\t\t\t\t<div class=\"wc-block-grid__product-price price\"><del aria-hidden=\"true\"><span class=\"woocommerce-Price-amount amount\"><span class=\"woocommerce-Price-currencySymbol\">&#082;&#036;<\/span>&nbsp;34,99<\/span><\/del> <span class=\"screen-reader-text\">Original price was: &#082;&#036;&nbsp;34,99.<\/span><ins aria-hidden=\"true\"><span class=\"woocommerce-Price-amount amount\"><span class=\"woocommerce-Price-currencySymbol\">&#082;&#036;<\/span>&nbsp;14,99<\/span><\/ins><span class=\"screen-reader-text\">Current price is: &#082;&#036;&nbsp;14,99.<\/span><\/div>\n\t\t\t\t\n\t\t\t\t<div class=\"wp-block-button wc-block-grid__product-add-to-cart\"><a href=\"?add-to-cart=517\" aria-label=\"Add to cart: &ldquo;PHP Sem Mist\u00e9rios&rdquo;\" data-quantity=\"1\" data-product_id=\"517\" data-product_sku=\"\" data-price=\"14.99\" rel=\"nofollow\" class=\"wp-block-button__link  add_to_cart_button ajax_add_to_cart\">Comprar<\/a><\/div>\n\t\t\t\n<div\n\tclass=\"yith-wcwl-add-to-wishlist add-to-wishlist-517  wishlist-fragment on-first-load\"\n\tdata-fragment-ref=\"517\"\n\tdata-fragment-options=\"{&quot;base_url&quot;:&quot;&quot;,&quot;in_default_wishlist&quot;:false,&quot;is_single&quot;:false,&quot;show_exists&quot;:false,&quot;product_id&quot;:&quot;517&quot;,&quot;parent_product_id&quot;:517,&quot;product_type&quot;:&quot;simple&quot;,&quot;show_view&quot;:false,&quot;browse_wishlist_text&quot;:&quot;Ver lista de desejos!&quot;,&quot;already_in_wishslist_text&quot;:&quot;Esse produto j\\u00e1 se encontra na sua lista de desejos!&quot;,&quot;product_added_text&quot;:&quot;Produto adicionado!&quot;,&quot;heading_icon&quot;:&quot;fa-heart-o&quot;,&quot;available_multi_wishlist&quot;:false,&quot;disable_wishlist&quot;:false,&quot;show_count&quot;:false,&quot;ajax_loading&quot;:false,&quot;loop_position&quot;:&quot;after_add_to_cart&quot;,&quot;item&quot;:&quot;add_to_wishlist&quot;}\"\n>\n\t\t\t\n\t\t\t<!-- ADD TO WISHLIST -->\n\t\t\t\n<div class=\"yith-wcwl-add-button\">\n\t\t<a\n\t\thref=\"?add_to_wishlist=517&#038;_wpnonce=b15cfd1055\"\n\t\tclass=\"add_to_wishlist single_add_to_wishlist\"\n\t\tdata-product-id=\"517\"\n\t\tdata-product-type=\"simple\"\n\t\tdata-original-product-id=\"517\"\n\t\tdata-title=\"Adicionar \u00e0 lista de desejos\"\n\t\trel=\"nofollow\"\n\t>\n\t\t<i class=\"yith-wcwl-icon fa fa-heart-o\"><\/i>\t\t<span>Adicionar \u00e0 lista de desejos<\/span>\n\t<\/a>\n<\/div>\n\n\t\t\t<!-- COUNT TEXT -->\n\t\t\t\n\t\t\t<\/div>\n<\/li><\/ul><\/div><\/div><\/div>","protected":false},"excerpt":{"rendered":"","protected":false},"author":1,"featured_media":0,"parent":0,"menu_order":0,"comment_status":"closed","ping_status":"closed","template":"","meta":{"footnotes":""},"class_list":["post-365","page","type-page","status-publish","hentry"],"jetpack_sharing_enabled":true,"_links":{"self":[{"href":"https:\/\/webmg.com.br\/editora\/wp-json\/wp\/v2\/pages\/365"}],"collection":[{"href":"https:\/\/webmg.com.br\/editora\/wp-json\/wp\/v2\/pages"}],"about":[{"href":"https:\/\/webmg.com.br\/editora\/wp-json\/wp\/v2\/types\/page"}],"author":[{"embeddable":true,"href":"https:\/\/webmg.com.br\/editora\/wp-json\/wp\/v2\/users\/1"}],"replies":[{"embeddable":true,"href":"https:\/\/webmg.com.br\/editora\/wp-json\/wp\/v2\/comments?post=365"}],"version-history":[{"count":1,"href":"https:\/\/webmg.com.br\/editora\/wp-json\/wp\/v2\/pages\/365\/revisions"}],"predecessor-version":[{"id":413,"href":"https:\/\/webmg.com.br\/editora\/wp-json\/wp\/v2\/pages\/365\/revisions\/413"}],"wp:attachment":[{"href":"https:\/\/webmg.com.br\/editora\/wp-json\/wp\/v2\/media?parent=365"}],"curies":[{"name":"wp","href":"https:\/\/api.w.org\/{rel}","templated":true}]}}