{"id":485,"date":"2024-10-22T17:27:46","date_gmt":"2024-10-22T20:27:46","guid":{"rendered":"https:\/\/webmg.com.br\/editora\/?post_type=product&#038;p=485"},"modified":"2025-05-19T19:31:49","modified_gmt":"2025-05-19T22:31:49","slug":"java-script-descubra-o-mundo-fascinante-da-programacao-web-com-javascript-descomplicado","status":"publish","type":"product","link":"https:\/\/webmg.com.br\/editora\/produto\/java-script-descubra-o-mundo-fascinante-da-programacao-web-com-javascript-descomplicado\/","title":{"rendered":"Java Script"},"content":{"rendered":"<p>Publicado pela WebMG e escrito por <strong>Tobias Birro &#8211; Dulu<\/strong>, este ebook \u00e9 a chave para voc\u00ea aprender JavaScript de uma vez por todas. Com uma abordagem direta e pr\u00e1tica, este guia leva voc\u00ea das no\u00e7\u00f5es b\u00e1sicas at\u00e9 a cria\u00e7\u00e3o de um <strong>jogo interativo em JavaScript<\/strong> \u2013 tudo em apenas 111 p\u00e1ginas!<\/p>\n<p>&nbsp;<\/p>\n<p><strong>Por que escolher este ebook?<\/strong><\/p>\n<p>Este livro oferece tudo que voc\u00ea precisa para entender e aplicar JavaScript, seja voc\u00ea um iniciante ou algu\u00e9m que deseja aprimorar suas habilidades. Esque\u00e7a conte\u00fados complicados e excessivamente t\u00e9cnicos: aqui voc\u00ea vai direto ao que realmente importa, com explica\u00e7\u00f5es simples, exemplos pr\u00e1ticos e t\u00e9cnicas que fazem sentido no mundo real da programa\u00e7\u00e3o.<\/p>\n<p><strong>Ao final, voc\u00ea estar\u00e1 programando seu pr\u00f3prio jogo!<\/strong><\/p>\n<p>Imagine ter em m\u00e3os o poder de criar uma aplica\u00e7\u00e3o interativa e divertida \u2013 \u00e9 isso que o projeto final oferece. Com ele, voc\u00ea testar\u00e1 tudo o que aprendeu de uma forma divertida e pr\u00e1tica.<\/p>\n<p>Domine JavaScript, amplie suas habilidades e crie experi\u00eancias digitais incr\u00edveis. N\u00e3o perca tempo: este ebook \u00e9 o passo certo para a sua jornada na programa\u00e7\u00e3o!<\/p>\n<p>&nbsp;<\/p>\n<p>Autor: Tobias Birro \/ Dulu<\/p>\n<p>Ano de publica\u00e7\u00e3o: 2023<\/p>\n<p>Ano da edi\u00e7\u00e3o \/ revis\u00e3o: 2024<\/p>\n<p>Formato: ebook \/ PDF<\/p>\n<p>P\u00e1ginas: 111<\/p>\n","protected":false},"excerpt":{"rendered":"<p>Publicado pela WebMG e escrito por <strong>Tobias Birro &#8211; Dulu<\/strong>, este ebook \u00e9 a chave para voc\u00ea aprender JavaScript de uma vez por todas. Com uma abordagem direta e pr\u00e1tica, este guia leva voc\u00ea das no\u00e7\u00f5es b\u00e1sicas at\u00e9 a cria\u00e7\u00e3o de um <strong>jogo interativo em JavaScript<\/strong> \u2013 tudo em apenas 111 p\u00e1ginas!<\/p>\n","protected":false},"featured_media":776,"template":"","meta":[],"product_cat":[26,29,27],"product_tag":[],"class_list":{"0":"post-485","1":"product","2":"type-product","3":"status-publish","4":"has-post-thumbnail","6":"product_cat-ebooks","7":"product_cat-javascript","8":"product_cat-programacao","10":"first","11":"instock","12":"sale","13":"downloadable","14":"virtual","15":"purchasable","16":"product-type-simple","17":"add-to-wishlist-after_add_to_cart"},"jetpack_sharing_enabled":true,"_links":{"self":[{"href":"https:\/\/webmg.com.br\/editora\/wp-json\/wp\/v2\/product\/485"}],"collection":[{"href":"https:\/\/webmg.com.br\/editora\/wp-json\/wp\/v2\/product"}],"about":[{"href":"https:\/\/webmg.com.br\/editora\/wp-json\/wp\/v2\/types\/product"}],"wp:featuredmedia":[{"embeddable":true,"href":"https:\/\/webmg.com.br\/editora\/wp-json\/wp\/v2\/media\/776"}],"wp:attachment":[{"href":"https:\/\/webmg.com.br\/editora\/wp-json\/wp\/v2\/media?parent=485"}],"wp:term":[{"taxonomy":"product_cat","embeddable":true,"href":"https:\/\/webmg.com.br\/editora\/wp-json\/wp\/v2\/product_cat?post=485"},{"taxonomy":"product_tag","embeddable":true,"href":"https:\/\/webmg.com.br\/editora\/wp-json\/wp\/v2\/product_tag?post=485"}],"curies":[{"name":"wp","href":"https:\/\/api.w.org\/{rel}","templated":true}]}}