{"id":487,"date":"2024-10-22T17:32:01","date_gmt":"2024-10-22T20:32:01","guid":{"rendered":"https:\/\/webmg.com.br\/editora\/?post_type=product&#038;p=487"},"modified":"2025-05-19T19:29:56","modified_gmt":"2025-05-19T22:29:56","slug":"o-android-studio-revelado","status":"publish","type":"product","link":"https:\/\/webmg.com.br\/editora\/produto\/o-android-studio-revelado\/","title":{"rendered":"Android Studio Revelado"},"content":{"rendered":"<p>Voc\u00ea quer come\u00e7ar a programar e fazer aplicativos android? Comece por este ebook.<\/p>\n<p>Este conte\u00fado foi lan\u00e7ado em 2015 e fez muito sucesso em todo o Brasil no formato livro impresso.<\/p>\n<p>Um conte\u00fado t\u00e3o bom que \u00e9 usado ainda hoje como refer\u00eancia e estudos. Abordando tudo sobre o android e o android studio, com uma did\u00e1tica simples e descomplicada.<\/p>\n<p>Este conte\u00fado com certeza vai te ensinar muito sobre o andoid e seus componentes. Preparado?<\/p>\n<p>&nbsp;<\/p>\n<p>Neste livro estaremos abordando tudo sobre o Android Studio e as bases da programa\u00e7\u00e3o em<br \/>\nAndroid! Come\u00e7ando pelo b\u00e1sico e caminhando em dire\u00e7\u00e3o ao avan\u00e7ado!<br \/>\nEnsinarei voc\u00ea a instalar a baixar, e instalar o Java SDK e o Android Studio.<br \/>\nAqui trago imagens e c\u00f3digos testados e executados durante a cria\u00e7\u00e3o da obra; C\u00f3digos e<br \/>\nimagens de cada componentes do Android e da sua paleta usado aqui, onde abordo desde o<br \/>\nin\u00edcio. Conhecer\u00e1 o Android Studio, como criar um novo projeto, sua tela, menus, principal, superior,<br \/>\nlaterais, explorador de pastas, java, manifest, res \/ resources, drawable, layout, mipmap, values,<br \/>\ncolors, dimen\u2019s, strings, styles, e Gradle. Depois come\u00e7aremos uma viagem alucinante<br \/>\nconhecendo quase todos os componentes da paleta; Deixando de fora apenas os Expert\u2019s e<br \/>\nCustom\u2019s; Pois deixei pra outra hora em um livro para programadores avan\u00e7ados; Afinal aqui<br \/>\ntamb\u00e9m j\u00e1 teremos um conte\u00fado muito grande e completo. Come\u00e7ando pelos Tipos de layouts, e<br \/>\nseus usos, Frame Layout, Linear Layout Horizontal, Linear Layout Vertical, Table Layout e<br \/>\nTable Row, Grid Layout, Relative Layout. Depois estudando os Widgets, TextView,<br \/>\nButton, RadioButton, CheckBox, Switch, ToggleButton, ImageView, ProgressBar, SeekBar,<br \/>\nRatingBar, Spinner e WebView. Aprenderemos aqui tamb\u00e9m sobre TextField e<br \/>\nEditText. Avan\u00e7ando, estudamos os Containers, RadioGroup, ListView, ExpandableListView,<br \/>\nScrollView, SearchView, TabHost, SlidingDrawer, Gallery, VideoView, TwoLineListItem e<br \/>\nDialerFilter. Quando chegarmos em Data e Hora; e aprenderemos sobre TextClock, AnalogClock,<br \/>\nDigitalClock, Chronometer, DatePicker, TimePicker, CalendarView.<br \/>\nDa\u00ed mostro a voc\u00eas o Logcat e suas p\u00e1ginas, Run, TODO, Android Monitor, Terminal,<br \/>\nMessages, Event Log e Gradle Console. Mostro os Atalhos Laterais, e depois finalizo<br \/>\ncom um estudo sobre a estrutura de um Java Android, Package, Imports, Identificando<br \/>\nComponentes do Java, Iniciando a Atividade Java, e falando sobre o OnCreate.<br \/>\nPara Terminar o Estudo ensino como usar o Sqlite, Criar um AVD, Como Gerar o APK de<br \/>\nPublica\u00e7\u00e3o e Instala\u00e7\u00e3o, e por \u00faltimo deixo algumas dicas!<\/p>\n<p>Garanta j\u00e1 o seu.<\/p>\n<p>&nbsp;<\/p>\n<p>Autor: Tobias Birro \/ Dulu<\/p>\n<p>Ano de publica\u00e7\u00e3o: 2015<\/p>\n<p>Ano da edi\u00e7\u00e3o \/ revis\u00e3o: 2024<\/p>\n<p>Formato: ebook \/ PDF<\/p>\n<p>P\u00e1ginas: 228<\/p>\n","protected":false},"excerpt":{"rendered":"<p>Embarque em uma jornada fascinante para desvendar os segredos da programa\u00e7\u00e3o web com &#8220;PHP Descomplicado&#8221;. Este livro \u00e9 a sua passagem para o dom\u00ednio completo da linguagem de programa\u00e7\u00e3o mais poderosa, especialmente desenvolvida para iniciantes que desejam explorar o vasto universo da cria\u00e7\u00e3o de sites din\u00e2micos e robustos.<\/p>\n","protected":false},"featured_media":775,"template":"","meta":[],"product_cat":[31,26,27],"product_tag":[],"class_list":{"0":"post-487","1":"product","2":"type-product","3":"status-publish","4":"has-post-thumbnail","6":"product_cat-android","7":"product_cat-ebooks","8":"product_cat-programacao","10":"first","11":"instock","12":"sale","13":"downloadable","14":"virtual","15":"purchasable","16":"product-type-simple","17":"add-to-wishlist-after_add_to_cart"},"jetpack_sharing_enabled":true,"_links":{"self":[{"href":"https:\/\/webmg.com.br\/editora\/wp-json\/wp\/v2\/product\/487"}],"collection":[{"href":"https:\/\/webmg.com.br\/editora\/wp-json\/wp\/v2\/product"}],"about":[{"href":"https:\/\/webmg.com.br\/editora\/wp-json\/wp\/v2\/types\/product"}],"wp:featuredmedia":[{"embeddable":true,"href":"https:\/\/webmg.com.br\/editora\/wp-json\/wp\/v2\/media\/775"}],"wp:attachment":[{"href":"https:\/\/webmg.com.br\/editora\/wp-json\/wp\/v2\/media?parent=487"}],"wp:term":[{"taxonomy":"product_cat","embeddable":true,"href":"https:\/\/webmg.com.br\/editora\/wp-json\/wp\/v2\/product_cat?post=487"},{"taxonomy":"product_tag","embeddable":true,"href":"https:\/\/webmg.com.br\/editora\/wp-json\/wp\/v2\/product_tag?post=487"}],"curies":[{"name":"wp","href":"https:\/\/api.w.org\/{rel}","templated":true}]}}