{"id":517,"date":"2024-10-23T09:07:34","date_gmt":"2024-10-23T12:07:34","guid":{"rendered":"https:\/\/webmg.com.br\/editora\/?post_type=product&#038;p=517"},"modified":"2025-05-19T19:33:16","modified_gmt":"2025-05-19T22:33:16","slug":"php-sem-misterios-2022","status":"publish","type":"product","link":"https:\/\/webmg.com.br\/editora\/produto\/php-sem-misterios-2022\/","title":{"rendered":"PHP Sem Mist\u00e9rios"},"content":{"rendered":"<p>Com o ebook <strong>PHP Sem Mist\u00e9rios<\/strong>, da WebMG, voc\u00ea vai dominar uma das linguagens de programa\u00e7\u00e3o mais utilizadas no mundo \u2013 de forma simples e pr\u00e1tica. Escrito por <strong>Tobias Birro &#8211; Dulu<\/strong>, este guia atualizado \u00e9 perfeito para quem quer aprender PHP sem complica\u00e7\u00e3o e com exemplos claros.<\/p>\n<p>&nbsp;<\/p>\n<p><strong>Por que voc\u00ea precisa deste ebook?<\/strong><\/p>\n<p>Seja para construir sites din\u00e2micos, gerenciar bancos de dados ou criar aplica\u00e7\u00f5es completas, o PHP \u00e9 uma habilidade essencial. Este livro oferece uma introdu\u00e7\u00e3o completa e pr\u00e1tica, desde o seu primeiro script at\u00e9 o trabalho com bancos de dados MySQL. Ele \u00e9 direto, com uma linguagem descomplicada e exemplos que realmente fazem diferen\u00e7a no aprendizado.<\/p>\n<p>&nbsp;<\/p>\n<p><strong>Conhe\u00e7a o PHP de forma pr\u00e1tica<\/strong><\/p>\n<p>Em 156 p\u00e1ginas bem organizadas, voc\u00ea aprender\u00e1 a criar, manipular e processar dados, construir formul\u00e1rios e interagir com bancos de dados \u2013 tudo que voc\u00ea precisa para criar seus pr\u00f3prios projetos!<\/p>\n<p>Domine o PHP, impulsione suas habilidades e prepare-se para uma nova fase na programa\u00e7\u00e3o. Comece sua jornada com o <strong>PHP Sem Mist\u00e9rios<\/strong>!<\/p>\n<p>&nbsp;<\/p>\n<p>Autor: Tobias Birro \/ Dulu<\/p>\n<p>Ano de publica\u00e7\u00e3o: 2016<\/p>\n<p>Ano da edi\u00e7\u00e3o \/ revis\u00e3o: 2024<\/p>\n<p>Formato: ebook \/ PDF<\/p>\n<p>P\u00e1ginas: 156<\/p>\n","protected":false},"excerpt":{"rendered":"<p>Com o ebook <strong>PHP Sem Mist\u00e9rios<\/strong>, da WebMG, voc\u00ea vai dominar uma das linguagens de programa\u00e7\u00e3o mais utilizadas no mundo \u2013 de forma simples e pr\u00e1tica. Escrito por <strong>Tobias Birro<\/strong>, este guia atualizado \u00e9 perfeito para quem quer aprender PHP sem complica\u00e7\u00e3o e com exemplos claros.<\/p>\n","protected":false},"featured_media":781,"template":"","meta":[],"product_cat":[26,28,27],"product_tag":[],"class_list":{"0":"post-517","1":"product","2":"type-product","3":"status-publish","4":"has-post-thumbnail","6":"product_cat-ebooks","7":"product_cat-php","8":"product_cat-programacao","10":"first","11":"instock","12":"sale","13":"downloadable","14":"virtual","15":"purchasable","16":"product-type-simple","17":"add-to-wishlist-after_add_to_cart"},"jetpack_sharing_enabled":true,"_links":{"self":[{"href":"https:\/\/webmg.com.br\/editora\/wp-json\/wp\/v2\/product\/517"}],"collection":[{"href":"https:\/\/webmg.com.br\/editora\/wp-json\/wp\/v2\/product"}],"about":[{"href":"https:\/\/webmg.com.br\/editora\/wp-json\/wp\/v2\/types\/product"}],"wp:featuredmedia":[{"embeddable":true,"href":"https:\/\/webmg.com.br\/editora\/wp-json\/wp\/v2\/media\/781"}],"wp:attachment":[{"href":"https:\/\/webmg.com.br\/editora\/wp-json\/wp\/v2\/media?parent=517"}],"wp:term":[{"taxonomy":"product_cat","embeddable":true,"href":"https:\/\/webmg.com.br\/editora\/wp-json\/wp\/v2\/product_cat?post=517"},{"taxonomy":"product_tag","embeddable":true,"href":"https:\/\/webmg.com.br\/editora\/wp-json\/wp\/v2\/product_tag?post=517"}],"curies":[{"name":"wp","href":"https:\/\/api.w.org\/{rel}","templated":true}]}}