{"id":573,"date":"2024-11-09T17:02:18","date_gmt":"2024-11-09T20:02:18","guid":{"rendered":"https:\/\/webmg.com.br\/editora\/?post_type=product&#038;p=573"},"modified":"2025-05-19T19:28:38","modified_gmt":"2025-05-19T22:28:38","slug":"python-aprenda-de-forma-rapida-e-facil-a-linguagem-do-futuro","status":"publish","type":"product","link":"https:\/\/webmg.com.br\/editora\/produto\/python-aprenda-de-forma-rapida-e-facil-a-linguagem-do-futuro\/","title":{"rendered":"Python"},"content":{"rendered":"<p>Transforme seu aprendizado em Python em uma jornada pr\u00e1tica e intuitiva com <em>Python &#8211; Aprenda de forma r\u00e1pida e f\u00e1cil a linguagem do futuro<\/em>! Este livro foi pensado para levar voc\u00ea no in\u00edcio de sua jornada, com conte\u00fado completo e bem estruturado que facilitar\u00e1 cada etapa do seu aprendizado. Ideal para iniciantes, ele \u00e9 um guia para desenvolver habilidades essenciais em uma das linguagens mais procuradas no mercado atual.<\/p>\n<p>Desde a <strong>Configura\u00e7\u00e3o do Ambiente de Desenvolvimento<\/strong> at\u00e9 a <strong>Publica\u00e7\u00e3o e Distribui\u00e7\u00e3o de Projetos Python<\/strong>, cada cap\u00edtulo aborda um t\u00f3pico fundamental para sua forma\u00e7\u00e3o como programador. Voc\u00ea vai aprender a dominar os <strong>Conceitos B\u00e1sicos de Programa\u00e7\u00e3o<\/strong>, entender o uso de <strong>Vari\u00e1veis e Tipos de Dados<\/strong>, explorar <strong>Estruturas de Controle de Fluxo<\/strong>, <strong>Listas e Tuplas<\/strong>, <strong>Dicion\u00e1rios e Conjuntos<\/strong>\u2014tudo o que precisa para manipular dados de maneira eficiente e organizada.<\/p>\n<p>A se\u00e7\u00e3o sobre <strong>Fun\u00e7\u00f5es, M\u00f3dulos e Pacotes<\/strong> ajudar\u00e1 voc\u00ea a estruturar seu c\u00f3digo de maneira limpa e modular, enquanto o conte\u00fado sobre <strong>Manipula\u00e7\u00e3o de Arquivos<\/strong> e <strong>Tratamento de Exce\u00e7\u00f5es<\/strong> vai garantir que seus projetos sejam robustos e preparados para o mundo real. Para quem deseja se aprofundar, o livro inclui uma <strong>Introdu\u00e7\u00e3o \u00e0 Orienta\u00e7\u00e3o a Objetos<\/strong>, explorando <strong>Classes e Objetos<\/strong>, al\u00e9m de conceitos como <strong>Heran\u00e7a e Polimorfismo<\/strong>.<\/p>\n<p>Ao entrar nos m\u00f3dulos mais avan\u00e7ados, voc\u00ea aprender\u00e1 a integrar seu conhecimento com <strong>Banco de Dados<\/strong> e <strong>APIs<\/strong>, a criar <strong>Interfaces Gr\u00e1ficas<\/strong> e at\u00e9 a explorar <strong>Programa\u00e7\u00e3o Web com Python<\/strong>.<\/p>\n<p>Este \u00e9 mais do que um livro did\u00e1tico\u2014\u00e9 uma ferramenta de transforma\u00e7\u00e3o. <strong>Aproveite este guia completo e pr\u00e1tico que vai lev\u00e1-lo de iniciante a profissional em Python<\/strong>.<\/p>\n<p>&nbsp;<\/p>\n<p>Autor: Tobias Birro \/ Dulu<\/p>\n<p>Ano de publica\u00e7\u00e3o: 2024<\/p>\n<p>Ano da edi\u00e7\u00e3o \/ revis\u00e3o: 2024<\/p>\n<p>Formato: ebook \/ PDF<\/p>\n<p>P\u00e1ginas: 112<\/p>\n","protected":false},"excerpt":{"rendered":"<p>Transforme seu aprendizado em Python em uma jornada pr\u00e1tica e intuitiva com <em>Python &#8211; Aprenda de forma r\u00e1pida e f\u00e1cil a linguagem do futuro<\/em>! Este livro foi pensado para levar voc\u00ea no in\u00edcio de sua jornada, com conte\u00fado completo e bem estruturado que facilitar\u00e1 cada etapa do seu aprendizado. Ideal para iniciantes, ele \u00e9 um guia para desenvolver habilidades essenciais em uma das linguagens mais procuradas no mercado atual.<\/p>\n","protected":false},"featured_media":780,"template":"","meta":[],"product_cat":[26,27,32],"product_tag":[],"class_list":{"0":"post-573","1":"product","2":"type-product","3":"status-publish","4":"has-post-thumbnail","6":"product_cat-ebooks","7":"product_cat-programacao","8":"product_cat-python","10":"first","11":"instock","12":"sale","13":"downloadable","14":"virtual","15":"purchasable","16":"product-type-simple","17":"add-to-wishlist-after_add_to_cart"},"jetpack_sharing_enabled":true,"_links":{"self":[{"href":"https:\/\/webmg.com.br\/editora\/wp-json\/wp\/v2\/product\/573"}],"collection":[{"href":"https:\/\/webmg.com.br\/editora\/wp-json\/wp\/v2\/product"}],"about":[{"href":"https:\/\/webmg.com.br\/editora\/wp-json\/wp\/v2\/types\/product"}],"wp:featuredmedia":[{"embeddable":true,"href":"https:\/\/webmg.com.br\/editora\/wp-json\/wp\/v2\/media\/780"}],"wp:attachment":[{"href":"https:\/\/webmg.com.br\/editora\/wp-json\/wp\/v2\/media?parent=573"}],"wp:term":[{"taxonomy":"product_cat","embeddable":true,"href":"https:\/\/webmg.com.br\/editora\/wp-json\/wp\/v2\/product_cat?post=573"},{"taxonomy":"product_tag","embeddable":true,"href":"https:\/\/webmg.com.br\/editora\/wp-json\/wp\/v2\/product_tag?post=573"}],"curies":[{"name":"wp","href":"https:\/\/api.w.org\/{rel}","templated":true}]}}