{"id":706,"date":"2024-11-17T12:00:31","date_gmt":"2024-11-17T15:00:31","guid":{"rendered":"https:\/\/webmg.com.br\/editora\/?post_type=product&#038;p=706"},"modified":"2025-05-19T19:26:14","modified_gmt":"2025-05-19T22:26:14","slug":"laravel","status":"publish","type":"product","link":"https:\/\/webmg.com.br\/editora\/produto\/laravel\/","title":{"rendered":"Laravel"},"content":{"rendered":"<p><strong>Domine o Framework Laravel: O Guia Pr\u00e1tico para Dominar o Framework PHP Mais Popular!<\/strong><\/p>\n<p>Descubra o poder do Laravel com o ebook <strong>Domine o Framework Laravel<\/strong>, o guia essencial para quem deseja aprender e dominar o framework mais usado no desenvolvimento PHP. Com explica\u00e7\u00f5es claras e exemplos pr\u00e1ticos, este ebook \u00e9 perfeito para iniciantes e desenvolvedores que querem elevar suas habilidades.<\/p>\n<p>&nbsp;<\/p>\n<p><strong>Por que voc\u00ea vai amar este ebook?<\/strong><\/p>\n<p>Em apenas 10 cap\u00edtulos, voc\u00ea aprender\u00e1 desde a instala\u00e7\u00e3o e configura\u00e7\u00e3o at\u00e9 conceitos fundamentais como rotas, views, Eloquent ORM e autentica\u00e7\u00e3o. Al\u00e9m disso, mergulhar\u00e1 em t\u00f3picos avan\u00e7ados como relacionamentos no banco de dados e testes no Laravel, tudo de forma did\u00e1tica e objetiva.<\/p>\n<p>&nbsp;<\/p>\n<p><strong>Destaques do conte\u00fado:<\/strong><\/p>\n<ul>\n<li>Instale e configure o Laravel rapidamente.<\/li>\n<li>Entenda como rotas e views funcionam para criar p\u00e1ginas din\u00e2micas.<\/li>\n<li>Utilize o Eloquent ORM para trabalhar com bancos de dados de maneira eficiente.<\/li>\n<li>Aprenda a validar dados, usar middlewares e implementar autentica\u00e7\u00e3o com facilidade.<\/li>\n<li><\/li>\n<\/ul>\n<p><strong>Comece hoje mesmo!<\/strong><\/p>\n<p>Com <strong>Domine o Framework Laravel<\/strong>, voc\u00ea estar\u00e1 pronto para criar aplica\u00e7\u00f5es robustas e escal\u00e1veis enquanto aprende o framework mais querido pelos desenvolvedores. D\u00ea o pr\u00f3ximo passo na sua carreira de programador e domine o Laravel!<\/p>\n<p>&nbsp;<\/p>\n<p>Autor: Tobias Birro \/ Dulu<\/p>\n<p>Ano de publica\u00e7\u00e3o: 2024<\/p>\n<p>Ano da edi\u00e7\u00e3o \/ revis\u00e3o: 2024<\/p>\n<p>Formato: ebook \/ PDF<\/p>\n<p>P\u00e1ginas: 75<\/p>\n","protected":false},"excerpt":{"rendered":"<p><strong>Domine o Framework Laravel: O Guia Pr\u00e1tico para Dominar o Framework PHP Mais Popular!<\/strong><\/p>\n<p>Descubra o poder do Laravel com o ebook <strong>Domine o Framework Laravel<\/strong>, o guia essencial para quem deseja aprender e dominar o framework mais usado no desenvolvimento PHP. Com explica\u00e7\u00f5es claras e exemplos pr\u00e1ticos, este ebook \u00e9 perfeito para iniciantes e desenvolvedores que querem elevar suas habilidades.<\/p>\n","protected":false},"featured_media":774,"template":"","meta":[],"product_cat":[26,40,27],"product_tag":[],"class_list":{"0":"post-706","1":"product","2":"type-product","3":"status-publish","4":"has-post-thumbnail","6":"product_cat-ebooks","7":"product_cat-laravel","8":"product_cat-programacao","10":"first","11":"instock","12":"sale","13":"downloadable","14":"virtual","15":"purchasable","16":"product-type-simple","17":"add-to-wishlist-after_add_to_cart"},"jetpack_sharing_enabled":true,"_links":{"self":[{"href":"https:\/\/webmg.com.br\/editora\/wp-json\/wp\/v2\/product\/706"}],"collection":[{"href":"https:\/\/webmg.com.br\/editora\/wp-json\/wp\/v2\/product"}],"about":[{"href":"https:\/\/webmg.com.br\/editora\/wp-json\/wp\/v2\/types\/product"}],"wp:featuredmedia":[{"embeddable":true,"href":"https:\/\/webmg.com.br\/editora\/wp-json\/wp\/v2\/media\/774"}],"wp:attachment":[{"href":"https:\/\/webmg.com.br\/editora\/wp-json\/wp\/v2\/media?parent=706"}],"wp:term":[{"taxonomy":"product_cat","embeddable":true,"href":"https:\/\/webmg.com.br\/editora\/wp-json\/wp\/v2\/product_cat?post=706"},{"taxonomy":"product_tag","embeddable":true,"href":"https:\/\/webmg.com.br\/editora\/wp-json\/wp\/v2\/product_tag?post=706"}],"curies":[{"name":"wp","href":"https:\/\/api.w.org\/{rel}","templated":true}]}}